{"id":3,"date":"2023-01-25T12:32:10","date_gmt":"2023-01-25T12:32:10","guid":{"rendered":"https:\/\/labbacademy.com\/?page_id=3"},"modified":"2026-03-05T14:25:08","modified_gmt":"2026-03-05T13:25:08","slug":"politica-de-privacitat","status":"publish","type":"page","link":"https:\/\/labbacademy.com\/ca\/politica-de-privacitat\/","title":{"rendered":"Pol\u00edtica de privacitat"},"content":{"rendered":"<div data-elementor-type=\"wp-page\" data-elementor-id=\"3\" class=\"elementor elementor-3\" data-elementor-post-type=\"page\">\n\t\t\t\t<div class=\"elementor-element elementor-element-1f9376ae e-flex e-con-boxed e-con e-parent\" data-id=\"1f9376ae\" data-element_type=\"container\">\n\t\t\t\t\t<div class=\"e-con-inner\">\n\t\t\t\t<div class=\"elementor-element elementor-element-9650ba1 elementor-widget elementor-widget-heading\" data-id=\"9650ba1\" data-element_type=\"widget\" data-widget_type=\"heading.default\">\n\t\t\t\t\t<h2 class=\"elementor-heading-title elementor-size-default\">Pol\u00edtica de privacitat<\/h2>\t\t\t\t<\/div>\n\t\t\t\t<div class=\"elementor-element elementor-element-688c4f89 elementor-widget elementor-widget-text-editor\" data-id=\"688c4f89\" data-element_type=\"widget\" data-widget_type=\"text-editor.default\">\n\t\t\t\t\t\t\t\t\t<h3>INFORMACI\u00d3 PER A USUARIS<\/h3><h4><strong>Qui \u00e9s el responsable del tractament de les seves dades personals? <\/strong><\/h4><p>Labb Academy 22, SLU \u00e9s RESPONSABLE del tractament de les dades personals de l'USUARI i l'informa que aquestes dades es tractaran d'acord amb la Llei 29\/2021, de 28 d'octubre (LQPD) i el seu reglament de desenvolupament.<\/p><h4><strong>Per qu\u00e8 tractem les teves dades personals?<\/strong><\/h4><p>Per mantenir una relaci\u00f3 comercial amb l'usuari. Les operacions previstes per al processament s\u00f3n:<\/p><ul><li>L'enviament de comunicacions publicit\u00e0ries comercials per correu electr\u00f2nic, fax, SMS, MMS, xarxes socials o qualsevol altre mitj\u00e0 electr\u00f2nic o f\u00edsic, present o futur, que permeti fer comunicacions comercials. Aquestes comunicacions les ha de fer el RESPONSABLE i estan relacionades amb els seus productes i serveis, o amb els seus col\u00b7laboradors o prove\u00efdors, amb els quals ha arribat a un acord de promoci\u00f3. En aquest cas, tercers no tindran mai acc\u00e9s a les dades personals.<\/li><li>Fer recerca de mercat i an\u00e0lisi estad\u00edstica.<\/li><li>Processament de sol\u00b7licituds, resposta a consultes o qualsevol tipus de sol\u00b7licitud realitzada per l'USUARI mitjan\u00e7ant qualsevol dels formularis de contacte disponibles al lloc web del RESPONSABLE.<\/li><li>Enviar el butllet\u00ed en l\u00ednia sobre not\u00edcies, ofertes i promocions relacionades amb el nostre negoci.<\/li><\/ul><h4><strong>Per qu\u00e8 podem tractar les vostres dades personals?<\/strong><\/h4><p>Perqu\u00e8 el tractament est\u00e0 legitimat per l'article 6 de la LQPD de la manera seg\u00fcent:<\/p><ul><li>Amb el consentiment de l'USUARI: enviament de comunicacions comercials i butlletins informatius.<\/li><li>Per als interessos leg\u00edtims del RESPONSABLE: dur a terme estudis de mercat, an\u00e0lisis estad\u00edstiques, etc., i processar comandes, sol\u00b7licituds, etc., a petici\u00f3 de l'USUARI.<\/li><\/ul><h4 class=\"p1\"><strong>Quant de temps conservarem les teves dades personals?<br \/><\/strong><\/h4><p>No es conservaran m\u00e9s temps del necessari per complir la finalitat del tractament ni mentre hi hagi obligacions legals que en regulin la cust\u00f2dia, i quan ja no siguin necessaris per a aquesta finalitat, s'eliminaran mitjan\u00e7ant mesures de seguretat adequades per garantir l'anonimitzaci\u00f3 de les dades o la seva destrucci\u00f3 completa.<\/p><h4><strong>A qui comuniquem les teves dades personals?<\/strong><\/h4><p>No es preveu cap comunicaci\u00f3 de dades personals a tercers, excepte quan sigui necessari per al desenvolupament i l'execuci\u00f3 de les finalitats del tractament, als nostres prove\u00efdors de serveis de comunicacions, amb els quals el RESPONSABLE ha formalitzat els contractes de confidencialitat i de tractament de dades exigits per la normativa vigent en mat\u00e8ria de privacitat.<\/p><h4><strong>Quins s\u00f3n els teus drets?<\/strong><\/h4><p>Els drets de l'USUARI s\u00f3n:<\/p><ul><li>Dret a retirar el consentiment en qualsevol moment.<\/li><li>Dret d'acc\u00e9s, rectificaci\u00f3, portabilitat i supressi\u00f3 de les seves dades, i de limitaci\u00f3 o oposici\u00f3 al seu tractament.<\/li><li>Dret a presentar una reclamaci\u00f3 davant l'autoritat de supervisi\u00f3 (www.apda.ad) si considereu que el tractament no compleix la normativa vigent.<\/li><\/ul><h4><strong>Dades de contacte per exercir els teus drets:<\/strong><\/h4><ul><li>Labb Academy 22, Societat de Responsabilitat Limitada<\/li><li>Carrer Pau Casals, 6, segon pis, porta 2, Andorra la Vella, AD500<\/li><li>Correu electr\u00f2nic: <a href=\"mailto:info@labbacademy.com\" target=\"_blank\" rel=\"noopener\">info@labbacademy.com<\/a><\/li><li><strong style=\"font-family: -apple-system, BlinkMacSystemFont, 'Segoe UI', Roboto, 'Helvetica Neue', Arial, 'Noto Sans', sans-serif, 'Apple Color Emoji', 'Segoe UI Emoji', 'Segoe UI Symbol', 'Noto Color Emoji';\">Dades de contacte del responsable de protecci\u00f3 de dades:<\/strong><span style=\"font-family: -apple-system, BlinkMacSystemFont, 'Segoe UI', Roboto, 'Helvetica Neue', Arial, 'Noto Sans', sans-serif, 'Apple Color Emoji', 'Segoe UI Emoji', 'Segoe UI Symbol', 'Noto Color Emoji';\"> Compliance 360 SL (XPERT), Fiter i Rossell 4 CN, planta baixa, oficina 2, AD700 Escaldes-lqpd@xpert-andorra.com<\/span><\/li><\/ul><h3>\u00a0<\/h3><h3>2. CAR\u00c0CTER OBLIGATORI O OPCIONAL DE LA INFORMACI\u00d3 FACILITADA PER L'USUARI<\/h3><p>ELS USUARIS, mitjan\u00e7ant les caselles corresponents i la introducci\u00f3 de dades en els camps marcats amb un asterisc (*) en el formulari de contacte o presentats en formularis de desc\u00e0rrega, accepta expressament, lliurement i sense ambig\u00fcitat que les seves dades s\u00f3n necess\u00e0ries perqu\u00e8 el prove\u00efdor respongui a la seva sol\u00b7licitud, i que la inclusi\u00f3 de dades en la resta de camps \u00e9s volunt\u00e0ria. L'USUARI garanteix que les dades personals facilitades al RESPONSABLE s\u00f3n ver\u00eddiques i \u00e9s responsable de comunicar qualsevol canvi que es produeixi. El RESPONSABLE l'informa que totes les dades sol\u00b7licitades a trav\u00e9s del lloc web s\u00f3n obligat\u00f2ries, ja que s\u00f3n necess\u00e0ries per a la prestaci\u00f3 d'un servei \u00f2ptim a l'USUARI. Si no es faciliten totes les dades, no es pot garantir que la informaci\u00f3 i els serveis prestats satisfacin plenament les seves necessitats.<\/p><h3>\u00a0<\/h3><h3>3. MESURES DE SEGURETAT<\/h3><p>Que, d'acord amb la normativa vigent en mat\u00e8ria de protecci\u00f3 de dades personals, el RESPONSABLE compleix totes les disposicions del Reglament LQPD per al tractament de dades personals sota la seva responsabilitat, i expressament amb els principis descrits a l'article 5 del RGPD, segons els quals es tracten de manera l\u00edcita, equitativa i transparent en relaci\u00f3 amb l'interessat i s\u00f3n adequats, pertinents i limitats al necessari en relaci\u00f3 amb les finalitats per a les quals es tracten. <br \/>El RESPONSABLE DEL TRACTAMENT garanteix que ha implementat pol\u00edtiques t\u00e8cniques i organitzatives adequades per aplicar les mesures de seguretat establertes pel RGPD amb la finalitat de protegir els drets i les llibertats dels USUARIS i els ha comunicat la informaci\u00f3 pertinent perqu\u00e8 puguin exercir-los.<\/p><p>Per a m\u00e9s informaci\u00f3 sobre les garanties de privacitat, poseu-vos en contacte amb el RESPONSABLE DEL TRACTAMENT DE DADES a trav\u00e9s de Labb Academy 22, SLU.<\/p><ul><li>Carrer Pau Casals, 6, segon pis, porta 2, Andorra la Vella, AD500.<\/li><li>Correu electr\u00f2nic: <a href=\"mailto:info@labbacademy.com\" target=\"_blank\" rel=\"noopener\">info@labbacademy.com<\/a><\/li><li><strong>Dades de contacte del responsable de protecci\u00f3 de dades:<\/strong> Compliance 360 SL (XPERT), Fiter i Rossell 4 CN, planta baixa, oficina 2, AD700 Escaldes-lqpd@xpert-andorra.com<\/li><\/ul>\t\t\t\t\t\t\t\t<\/div>\n\t\t\t\t\t<\/div>\n\t\t\t\t<\/div>\n\t\t\t\t<\/div>","protected":false},"excerpt":{"rendered":"<p>POL\u00cdTICA DE PRIVACIDAD INFORMACI\u00d3 PER A L\u2019USUARI Qui \u00e9s el responsable del tractament de les teves dades personals? Labb Academy 22, SLU \u00e9s el RESPONSABLE del tractament de les dades personals de l\u2019USUARI i l\u2019informa que aquestes dades es tractaran de conformitat amb el que disposa la Llei 29\/2021, del 28 d\u2019octubre (LQPD) i els [&hellip;]<\/p>","protected":false},"author":1,"featured_media":0,"parent":0,"menu_order":0,"comment_status":"closed","ping_status":"closed","template":"elementor_header_footer","meta":{"_seopress_robots_primary_cat":"","_seopress_titles_title":"Pol\u00edtica de privacidad","_seopress_titles_desc":"","_seopress_robots_index":"","footnotes":""},"class_list":["post-3","page","type-page","status-publish","hentry"],"_links":{"self":[{"href":"https:\/\/labbacademy.com\/ca\/wp-json\/wp\/v2\/pages\/3","targetHints":{"allow":["GET"]}}],"collection":[{"href":"https:\/\/labbacademy.com\/ca\/wp-json\/wp\/v2\/pages"}],"about":[{"href":"https:\/\/labbacademy.com\/ca\/wp-json\/wp\/v2\/types\/page"}],"author":[{"embeddable":true,"href":"https:\/\/labbacademy.com\/ca\/wp-json\/wp\/v2\/users\/1"}],"replies":[{"embeddable":true,"href":"https:\/\/labbacademy.com\/ca\/wp-json\/wp\/v2\/comments?post=3"}],"version-history":[{"count":43,"href":"https:\/\/labbacademy.com\/ca\/wp-json\/wp\/v2\/pages\/3\/revisions"}],"predecessor-version":[{"id":4323,"href":"https:\/\/labbacademy.com\/ca\/wp-json\/wp\/v2\/pages\/3\/revisions\/4323"}],"wp:attachment":[{"href":"https:\/\/labbacademy.com\/ca\/wp-json\/wp\/v2\/media?parent=3"}],"curies":[{"name":"wp","href":"https:\/\/api.w.org\/{rel}","templated":true}]}}