{"id":3332,"date":"2025-11-17T15:56:08","date_gmt":"2025-11-17T14:56:08","guid":{"rendered":"https:\/\/labbacademy.com\/?page_id=3332"},"modified":"2026-03-05T14:24:10","modified_gmt":"2026-03-05T13:24:10","slug":"avis-legal","status":"publish","type":"page","link":"https:\/\/labbacademy.com\/ca\/avis-legal\/","title":{"rendered":"Av\u00eds legal"},"content":{"rendered":"<div data-elementor-type=\"wp-page\" data-elementor-id=\"3332\" class=\"elementor elementor-3332\" data-elementor-post-type=\"page\">\n\t\t\t\t<div class=\"elementor-element elementor-element-1f9376ae e-flex e-con-boxed e-con e-parent\" data-id=\"1f9376ae\" data-element_type=\"container\">\n\t\t\t\t\t<div class=\"e-con-inner\">\n\t\t\t\t<div class=\"elementor-element elementor-element-9650ba1 elementor-widget elementor-widget-heading\" data-id=\"9650ba1\" data-element_type=\"widget\" data-widget_type=\"heading.default\">\n\t\t\t\t\t<h2 class=\"elementor-heading-title elementor-size-default\">AV\u00cdS LEGAL<\/h2>\t\t\t\t<\/div>\n\t\t\t\t<div class=\"elementor-element elementor-element-688c4f89 elementor-widget elementor-widget-text-editor\" data-id=\"688c4f89\" data-element_type=\"widget\" data-widget_type=\"text-editor.default\">\n\t\t\t\t\t\t\t\t\t<h4><strong>LLEI SOBRE CONTRACTACI\u00d3 ELECTR\u00d2NICA I OPERADORS QUE DESENVOLUPEN LA SEVA ACTIVITAT ECON\u00d2MICA EN UN ESPAI DIGITAL<\/strong><\/h4><p>Labb Academy 22, SLU, l'entitat responsable del lloc web, en endavant el \u00abRESPONSABLE\u00bb, posa aquest document a disposici\u00f3 dels usuaris, amb el qual t\u00e9 com a objectiu complir les obligacions establertes per la Llei 20\/2014, de 16 d'octubre, de contractaci\u00f3 electr\u00f2nica i dels operadors que duen a terme la seva activitat econ\u00f2mica en un entorn digital, aix\u00ed com informar tots els usuaris del lloc web dels termes i condicions d'\u00fas.<\/p><p>Qualsevol persona que accedeixi a aquest lloc web assumeix la condici\u00f3 d'usuari i es compromet a observar i a complir estrictament les disposicions establertes en aquest document, aix\u00ed com qualsevol altra disposici\u00f3 legal aplicable.<\/p><p>Labb Academy 22, SLU es reserva el dret de modificar qualsevol informaci\u00f3 que aparegui al lloc web sense cap obligaci\u00f3 de donar av\u00eds previ o d'informar els usuaris d'aquests canvis, ja que la publicaci\u00f3 al lloc web de Labb Academy 22, SLU es considera suficient.<\/p><h3>1. DADES D'IDENTIFICACI\u00d3<\/h3><ul><li><strong>Nom de domini:<\/strong> \u00a0<a href=\"mailto:info@labbacademy.com\" target=\"_blank\" rel=\"noopener\">info@labbacademy.com<\/a><\/li><li><strong>Nom comercial:<\/strong> Acad\u00e8mia LABB<\/li><li><strong>Nom de l'empresa:<\/strong> Labb Academy 22, Societat de Responsabilitat Limitada<\/li><li><strong>Domicili social:<\/strong> Carrer Pau Casals, 6, segon pis, porta 2, Andorra la Vella, AD500<\/li><li><strong>Tel\u00e8fon:<\/strong> +376 644 342<\/li><li><strong>Correu electr\u00f2nic:<\/strong> <a href=\"mailto:info@labbacademy.com\" target=\"_blank\" rel=\"noopener\">info@labbacademy.com<\/a><\/li><li><strong>N\u00famero d'identificaci\u00f3 fiscal:<\/strong> L-721878-T<\/li><\/ul><h3>2. DRETS DE PROPIETAT INTEL\u00b7LECTUAL I INDUSTRIAL<\/h3><p>El lloc web, incloent-hi, entre d'altres, la seva programaci\u00f3, edici\u00f3, compilaci\u00f3 i altres elements necessaris per al seu funcionament, els dissenys, logotips, textos i\/o gr\u00e0fics s\u00f3n propietat del RESPONSABLE o, si s'escau, el RESPONSABLE t\u00e9 una llic\u00e8ncia o autoritzaci\u00f3 expressa dels autors. Tots els continguts del lloc web estan degudament protegits per la normativa de propietat intel\u00b7lectual i industrial, a m\u00e9s de ser registrats en els registres p\u00fablics corresponents.<\/p><p>Independentment de la finalitat per a la qual estiguin destinats, la reproducci\u00f3 total o parcial, l'\u00fas, l'explotaci\u00f3, la distribuci\u00f3 i la comercialitzaci\u00f3 requereixen, en tots els casos, autoritzaci\u00f3 pr\u00e8via per escrit del CONTROLADOR. Qualsevol \u00fas no autoritzat pr\u00e8viament es considera una infracci\u00f3 greu dels drets de propietat intel\u00b7lectual o industrial de l'autor.<\/p><p>Els dissenys, logotips, textos i\/o gr\u00e0fics que no pertanyen al RESPONSABLE i que puguin apar\u00e8ixer al lloc web s\u00f3n propietat dels seus respectius propietaris, que s\u00f3n responsables de qualsevol possible controv\u00e8rsia que pugui sorgir. El RESPONSABLE autoritza expressament tercers a redirigir directament al contingut espec\u00edfic del lloc web i, en qualsevol cas, a redirigir al lloc web principal de <a href=\"mailto:info@labbacademy.com\" target=\"_blank\" rel=\"noopener\">info@labbacademy.com<\/a>.<\/p><p>El CONTROLADOR reconeix els drets de propietat intel\u00b7lectual i industrial corresponents als seus titulars, sense que la mera menci\u00f3 o aparici\u00f3 d'aquests al lloc web impliqui l'exist\u00e8ncia de drets o responsabilitats sobre ells, ni el suport, patrocini o recomanaci\u00f3 per part del CONTROLADOR.<\/p><p>Per fer qualsevol comentari sobre possibles infraccions de drets de propietat intel\u00b7lectual o industrial, o sobre qualsevol contingut del lloc web, envieu un correu electr\u00f2nic a <a href=\"mailto:info@labbacademy.com\" target=\"_blank\" rel=\"noopener\">info@labbacademy.com<\/a>.<\/p><h3>3. EXONERACI\u00d3 DE RESPONSABILITAT<\/h3><p>El CONTROLLER renuncia a qualsevol responsabilitat que pugui derivar-se de la informaci\u00f3 publicada al seu lloc web, sempre que no tingui coneixement real que aquesta informaci\u00f3 hagi estat manipulada o introdu\u00efda per un tercer ali\u00e8 a ell o, si en t\u00e9, hagi actuat amb dilig\u00e8ncia per eliminar les dades o fer-ne impossible l'acc\u00e9s.<\/p><p><strong>\u00das de galetes <\/strong><\/p><p>Aquest lloc web pot utilitzar galetes t\u00e8cniques (petits fitxers d'informaci\u00f3 que el servidor envia a l'ordinador de la persona que accedeix a la p\u00e0gina) per dur a terme determinades funcions que es consideren essencials per al funcionament i la visualitzaci\u00f3 correctes del lloc web. Les galetes que s'utilitzen s\u00f3n, en qualsevol cas, temporals, amb l'\u00fanic prop\u00f2sit de fer la navegaci\u00f3 m\u00e9s eficient, i desapareixen quan finalitza la sessi\u00f3 de l'usuari. En cap cas aquestes galetes per si mateixes proporcionen dades personals ni s'utilitzaran per a recollir dades d'aquest tipus.<\/p><p>Mitjan\u00e7ant l'\u00fas de galetes, tamb\u00e9 \u00e9s possible que el servidor que allotja el lloc web reconegui el navegador que utilitza l'usuari, amb l'objectiu de facilitar la navegaci\u00f3, alhora que permet, per exemple, l'acc\u00e9s per als usuaris que s'hagin registrat pr\u00e8viament a \u00e0rees, serveis, promocions o concursos reservats exclusivament per a ells sense haver de registrar-se en cada visita. Tamb\u00e9 es poden utilitzar per mesurar l'audi\u00e8ncia, els par\u00e0metres de tr\u00e0nsit, fer un seguiment del progr\u00e9s i del nombre d'entrades, etc. En aquests casos, les galetes s\u00f3n t\u00e8cnicament prescindibles per\u00f2 beneficioses per a l'usuari. Aquest lloc web no instal\u00b7lar\u00e0 galetes prescindibles sense el consentiment previ de l'usuari.<\/p><p>Utilitzem les nostres pr\u00f2pies galetes i les de tercers amb finalitats anal\u00edtiques i per mostrar-vos publicitat personalitzada basada en un perfil creat a partir dels vostres h\u00e0bits de navegaci\u00f3 (p. ex., les p\u00e0gines visitades). Tots els usuaris que visiten el lloc web s\u00f3n informats de l'\u00fas d'aquestes galetes mitjan\u00e7ant un b\u00e0ner flotant. Si n'accepteu l'\u00fas, el b\u00e0ner desapareixer\u00e0, tot i que podeu revocar el vostre consentiment en qualsevol moment i obtenir-ne m\u00e9s informaci\u00f3 consultant la nostra Pol\u00edtica de galetes.<\/p><p>Els usuaris poden configurar el seu navegador per ser alertats quan es rebin galetes i per impedir que s'instal\u00b7lin al seu dispositiu. Consulteu les instruccions del vostre navegador per a m\u00e9s informaci\u00f3.<\/p><p><strong>Pol\u00edtica d'enlla\u00e7os<\/strong><\/p><p>Des del lloc web \u00e9s possible ser redirigit a continguts de llocs web de tercers. Com que el RESPONSABLE no sempre pot controlar el contingut publicat per tercers als seus respectius llocs web, no assumeix cap responsabilitat per aquest contingut. En qualsevol cas, eliminar\u00e0 immediatament qualsevol contingut que pugui vulnerar la llei nacional o internacional, la moral o l'ordre p\u00fablic, eliminant immediatament la redirecci\u00f3 a aquest lloc web i informant les autoritats competents del contingut en q\u00fcesti\u00f3.<\/p><p>El TITULAR no \u00e9s responsable de la informaci\u00f3 i el contingut emmagatzemat, incloent-hi, entre d'altres, f\u00f2rums, xats, generadors de blocs, comentaris, xarxes socials o qualsevol altre mitj\u00e0 que permeti a tercers publicar contingut de manera independent al lloc web del TITULAR. No obstant aix\u00f2, en compliment de les disposicions dels articles 11 i 16 de la LSSICE, es posa a disposici\u00f3 de tots els usuaris, autoritats i cossos de seguretat que col\u00b7laborin activament en la retirada o, si s'escau, el bloqueig de qualsevol contingut que pugui afectar o vulnerar la legislaci\u00f3 nacional o internacional, els drets de tercers o la moral i l'ordre p\u00fablic. Si l'usuari considera que el lloc web cont\u00e9 material que es podria classificar d'aquesta manera, li demanem que notifiqui immediatament l'administrador del lloc web.<\/p><p>Aquest lloc web ha estat revisat i provat per garantir que funcioni correctament. En principi, es pot garantir que funcionar\u00e0 correctament 365 dies a l'any, 24 hores al dia. No obstant aix\u00f2, el CONTROLLER no descarta la possibilitat d'errors de programaci\u00f3, ni l'esdeveniment de for\u00e7a major, desastres naturals, vagues o circumst\u00e0ncies similars que facin impossible l'acc\u00e9s al lloc web.<\/p><p><strong>Adreces IP<\/strong><\/p><p>Els servidors del lloc web poden detectar autom\u00e0ticament l'adre\u00e7a IP i el nom de domini que utilitza l'usuari. Una adre\u00e7a IP \u00e9s un n\u00famero assignat autom\u00e0ticament a un ordinador quan es connecta a Internet. Tota aquesta informaci\u00f3 es registra en un fitxer d'activitat del servidor degudament registrat que permet processar les dades m\u00e9s endavant amb la finalitat d'obtenir \u00fanicament mesures estad\u00edstiques que revelen el nombre d'impressions de p\u00e0gina, el nombre de visites als servidors web, l'ordre de les visites, el punt d'acc\u00e9s, etc.<\/p><h3>4. LEGISLACI\u00d3 APLICABLE I JURISDICCI\u00d3<\/h3><p>Per a la resoluci\u00f3 de qualsevol conflicte o q\u00fcesti\u00f3 relacionada amb aquest lloc web o les activitats que s'hi duen a terme, S'aplicar\u00e0 la llei andorrana, a la qual les parts s'hi sotmeten expressament, i els tribunals i jutjats del domicili de l'USUARI o del lloc de compliment de l'obligaci\u00f3 tindran jurisdicci\u00f3 suficient per resoldre qualsevol conflicte que sorgeixi o estigui relacionat amb el seu \u00fas.<\/p>\t\t\t\t\t\t\t\t<\/div>\n\t\t\t\t\t<\/div>\n\t\t\t\t<\/div>\n\t\t\t\t<\/div>","protected":false},"excerpt":{"rendered":"<p>AVISO LEGAL LLEI DE LA CONTRACTACI\u00d3 ELECTR\u00d2NICA I DELS OPERADORS QUE DESENVOLUPEN LA SEVA ACTIVITAT ECON\u00d2MICA EN UN ESPAI DIGITAL Labb Academy 22, SLU, responsable del lloc web, d\u2019ara endavant el RESPONSABLE, posa a disposici\u00f3 dels usuaris aquest document, amb el qual pret\u00e9n fer complir les obligacions que estableix la Llei 20\/2014, del 16 d\u2019octubre, [&hellip;]<\/p>","protected":false},"author":1,"featured_media":0,"parent":0,"menu_order":0,"comment_status":"closed","ping_status":"closed","template":"elementor_header_footer","meta":{"_seopress_robots_primary_cat":"","_seopress_titles_title":"Aviso legal","_seopress_titles_desc":"","_seopress_robots_index":"","footnotes":""},"class_list":["post-3332","page","type-page","status-publish","hentry"],"_links":{"self":[{"href":"https:\/\/labbacademy.com\/ca\/wp-json\/wp\/v2\/pages\/3332","targetHints":{"allow":["GET"]}}],"collection":[{"href":"https:\/\/labbacademy.com\/ca\/wp-json\/wp\/v2\/pages"}],"about":[{"href":"https:\/\/labbacademy.com\/ca\/wp-json\/wp\/v2\/types\/page"}],"author":[{"embeddable":true,"href":"https:\/\/labbacademy.com\/ca\/wp-json\/wp\/v2\/users\/1"}],"replies":[{"embeddable":true,"href":"https:\/\/labbacademy.com\/ca\/wp-json\/wp\/v2\/comments?post=3332"}],"version-history":[{"count":28,"href":"https:\/\/labbacademy.com\/ca\/wp-json\/wp\/v2\/pages\/3332\/revisions"}],"predecessor-version":[{"id":4320,"href":"https:\/\/labbacademy.com\/ca\/wp-json\/wp\/v2\/pages\/3332\/revisions\/4320"}],"wp:attachment":[{"href":"https:\/\/labbacademy.com\/ca\/wp-json\/wp\/v2\/media?parent=3332"}],"curies":[{"name":"wp","href":"https:\/\/api.w.org\/{rel}","templated":true}]}}