{"id":3337,"date":"2025-11-17T15:58:57","date_gmt":"2025-11-17T14:58:57","guid":{"rendered":"https:\/\/labbacademy.com\/?page_id=3337"},"modified":"2026-03-05T14:26:52","modified_gmt":"2026-03-05T13:26:52","slug":"politica-de-galetes","status":"publish","type":"page","link":"https:\/\/labbacademy.com\/ca\/politica-de-galetes\/","title":{"rendered":"Pol\u00edtica de galetes"},"content":{"rendered":"<div data-elementor-type=\"wp-page\" data-elementor-id=\"3337\" class=\"elementor elementor-3337\" data-elementor-post-type=\"page\">\n\t\t\t\t<div class=\"elementor-element elementor-element-1f9376ae e-flex e-con-boxed e-con e-parent\" data-id=\"1f9376ae\" data-element_type=\"container\">\n\t\t\t\t\t<div class=\"e-con-inner\">\n\t\t\t\t<div class=\"elementor-element elementor-element-9650ba1 elementor-widget elementor-widget-heading\" data-id=\"9650ba1\" data-element_type=\"widget\" data-widget_type=\"heading.default\">\n\t\t\t\t\t<h2 class=\"elementor-heading-title elementor-size-default\">Pol\u00edtica de galetes<\/h2>\t\t\t\t<\/div>\n\t\t\t\t<div class=\"elementor-element elementor-element-688c4f89 elementor-widget elementor-widget-text-editor\" data-id=\"688c4f89\" data-element_type=\"widget\" data-widget_type=\"text-editor.default\">\n\t\t\t\t\t\t\t\t\t<p><strong>D'acord amb la normativa andorrana aplicable i els requisits i condicions establerts en: <\/strong><\/p><p>Llei 29\/2021, de 28 d'octubre, de protecci\u00f3 de dades personals i els seus reglaments d'aplicaci\u00f3 (Decret 391\/2022); Llei 20\/2014, de 16 d'octubre, reguladora de la contractaci\u00f3 electr\u00f2nica i dels operadors que duen a terme la seva activitat econ\u00f2mica en un espai digital; Llei 35\/2014, de 27 de novembre, de certificaci\u00f3 electr\u00f2nica i de confian\u00e7a, modificada per la Llei 9\/2021; i la Llei 12\/2013, de 13 de juny, de comer\u00e7;<\/p><p>\u00c9s obligatori obtenir el consentiment expr\u00e9s de l'usuari de tots els llocs web que utilitzen galetes no essencials abans que comenci a navegar pel lloc.<\/p><h3>Qu\u00e8 s\u00f3n les galetes?<\/h3><p>Les galetes i altres tecnologies similars, com ara els objectes compartits locals, les galetes flash o els p\u00edxels, s\u00f3n eines que utilitzen els servidors web per emmagatzemar i recuperar informaci\u00f3 sobre els seus visitants, aix\u00ed com per garantir el funcionament correcte del lloc.<\/p><p>L'\u00fas d'aquests dispositius permet que el servidor web recordi determinades dades relacionades amb l'usuari, com ara les seves prefer\u00e8ncies per visualitzar les p\u00e0gines d'aquest servidor, el seu nom d'usuari i contrasenya, els productes que m\u00e9s li interessen, etc.<\/p><h3>Cookies afectades per la regulaci\u00f3 i cookies exemptes<\/h3><p>Segons la legislaci\u00f3 andorrana, les galetes que requereixen el consentiment informat de l'usuari s\u00f3n les galetes anal\u00edtiques i les galetes publicit\u00e0ries i d'afiliats, amb l'excepci\u00f3 de les galetes t\u00e8cniques i de les necess\u00e0ries per al funcionament del lloc web o per a la prestaci\u00f3 de serveis expressament sol\u00b7licitats per l'usuari.<\/p><h3>Tipus de galetes<\/h3><p><strong>Depenent de la finalitat<\/strong><\/p><ul><li><strong>Cookies t\u00e8cniques i funcionals:<\/strong> S\u00f3n els que permeten a l'usuari navegar per un lloc web, una plataforma o una aplicaci\u00f3 i utilitzar les diferents opcions o serveis disponibles.<\/li><li><strong>Cookies anal\u00edtiques:<\/strong> Aquestes permeten a la persona responsable de les mateixes supervisar i analitzar el comportament dels usuaris dels llocs web als quals estan vinculades. La informaci\u00f3 recollida mitjan\u00e7ant aquest tipus de galeta s'utilitza per mesurar l'activitat dels llocs web, les aplicacions o les plataformes i per crear perfils de navegaci\u00f3 dels usuaris d'aquests llocs, aplicacions i plataformes, per tal d'introduir millores basades en l'an\u00e0lisi de les dades d'\u00fas proporcionades pels usuaris del servei.<\/li><li><strong>Cookies publicit\u00e0ries:<\/strong> S\u00f3n aquells que permeten la gesti\u00f3 m\u00e9s efica\u00e7 de l'espai publicitari que, si cal, l'editor ha incl\u00f2s en un lloc web, una aplicaci\u00f3 o una plataforma des de la qual proporciona el servei sol\u00b7licitat, segons criteris com el contingut publicat o la freq\u00fc\u00e8ncia amb qu\u00e8 es mostren els anuncis.<\/li><li><strong>Cookies de publicitat conductual:<\/strong> recull informaci\u00f3 sobre les prefer\u00e8ncies i eleccions personals de l'usuari (retargeting) amb la finalitat de gestionar, de la manera m\u00e9s efica\u00e7 possible, els espais publicitaris que, si s'escau, l'editor ha incl\u00f2s en un lloc web, aplicaci\u00f3 o plataforma des del qual proporciona el servei sol\u00b7licitat.<\/li><li><strong>Cookies socials:<\/strong> Aquests s\u00f3n els que han estat instal\u00b7lats per les plataformes de xarxes socials als serveis per permetre't compartir contingut amb els teus amics i xarxes. Les plataformes de xarxes socials tenen la capacitat de fer un seguiment de la teva activitat en l\u00ednia fora dels serveis. Aix\u00f2 pot afectar el contingut i els missatges que veus en altres serveis que visites.<\/li><li><strong>Cookies d'afiliats:<\/strong> Permeten el seguiment de les visites des d'altres llocs web amb els quals el lloc web t\u00e9 un acord d'afiliaci\u00f3 (empreses afiliades).<\/li><li><strong>Cookies de seguretat:<\/strong> Emmagatzemar informaci\u00f3 xifrada per evitar que les dades emmagatzemades siguin vulnerables a atacs maliciosos per part de tercers.<\/li><\/ul><p><strong>Segons la propietat<\/strong><\/p><ul><li><strong>Cookies de primera part:<\/strong> Aquests s'envien a l'equip terminal de l'usuari des d'un ordinador o domini gestionat pel propi editor i des del qual es proporciona el servei sol\u00b7licitat per l'usuari.<\/li><li><strong>Cookies de tercers:<\/strong> Aquests s'envien a l'equip terminal de l'usuari des d'un ordinador o domini que no \u00e9s gestionat per l'editor, sin\u00f3 per una altra entitat que processa les dades obtingudes mitjan\u00e7ant les galetes.<\/li><\/ul><p><strong>D'ACORD AMB EL TERME DE CONSERVACI\u00d3<\/strong><\/p><ul><li>Cookies de sessi\u00f3: s\u00f3n un tipus de galeta dissenyada per obtenir i emmagatzemar dades mentre l'usuari accedeix a un lloc web.<\/li><li>Cookies persistents: s\u00f3n un tipus de galeta en qu\u00e8 les dades romanen emmagatzemades al terminal i es poden accedir i processar durant un per\u00edode definit per l'administrador de galetes, que pot durar des de pocs minuts fins a diversos anys.<\/li><\/ul><h3>\u00a0<\/h3><h3>TRACTAMENT DE DADES PERSONALS<\/h3><p>Labb Academy 22, SLU \u00e9s <strong>Responsable del tractament de dades<\/strong> de les dades personals del<strong>\u2019Interessat<\/strong> i l'informa que aquestes dades es tractaran d'acord amb les disposicions de la Llei 29\/2021, de 28 d'octubre (LQPD) i el seu reglament de desenvolupament, per la qual cosa es facilita la informaci\u00f3 seg\u00fcent sobre el tractament:<\/p><p><strong>Finalitats del tractament:<\/strong> tal com s'especifica a la secci\u00f3 sobre les galetes utilitzades en aquest lloc web.<\/p><p><strong>Legitimitat del tractament:<\/strong> excepte en els casos en qu\u00e8 sigui necessari per a la navegaci\u00f3 per internet, amb el consentiment de la persona interessada (art. 6.1 LQPD).<\/p><p><strong>Criteri de conservaci\u00f3 de dades:<\/strong> tal com s'especifica a la secci\u00f3 sobre les galetes utilitzades al lloc web.<\/p><p><strong>Comunicaci\u00f3 de dades:<\/strong> Les dades no es comunicaran a tercers, excepte en el cas de galetes de tercers o quan sigui legalment requerit.<\/p><p><strong>Drets de la persona interessada: <\/strong><\/p><ul><li>Dret a retirar el consentiment en qualsevol moment. Dret d'acc\u00e9s, rectificaci\u00f3, portabilitat i supressi\u00f3 de les seves dades, aix\u00ed com de limitaci\u00f3 o oposici\u00f3 al seu tractament.<\/li><li>Dret a presentar una reclamaci\u00f3 davant l'autoritat de supervisi\u00f3 (www.apda.ad) si considera que el tractament no compleix la normativa vigent.<\/li><\/ul><p><strong>Dades de contacte per exercir els teus drets: Labb Academy 22, SLU<\/strong><\/p><p>Carrer Pau Casals, 6, segon pis, porta 2, Andorra la Vella, AD500<\/p><p>Correu electr\u00f2nic: <a href=\"mailto:info@labbacademy.com\" target=\"_blank\" rel=\"noopener\">info@labbacademy.com<\/a><\/p><p><strong>Dades de contacte del responsable de protecci\u00f3 de dades:<\/strong> Compliance 360 SL (XPERT), Fiter i Rossell 4 CN, planta baixa, oficina 2, AD700 Escaldes-lqpd@xpert-andorra.com<\/p><h3>Cookies utilitzades en aquest lloc web<\/h3><p><strong>Cookies controlades per l'editor<\/strong><\/p><p>No s'instal\u00b7len cap galeta controlada per l'editor.<strong><br \/><\/strong><\/p><p><strong>Cookies de tercers<\/strong><\/p><p>Els serveis de tercers estan fora del control de l'editor. Els prove\u00efdors poden modificar en qualsevol moment els seus termes de servei, l'objectiu i l'\u00fas de les galetes, etc.<\/p><p>Prove\u00efdors externs d'aquest lloc web: No s'instal\u00b7len galetes controlades per tercers.<\/p><p><strong>PANELL DE CONFIGURACI\u00d3 DE COOKIES<\/strong><\/p><p>Des d'aquest panell, podeu configurar les galetes que el lloc web pot instal\u00b7lar al vostre navegador, excepte les galetes t\u00e8cniques o funcionals que s\u00f3n necess\u00e0ries per navegar i utilitzar les diverses opcions o serveis oferts.<\/p><p><strong>COM GESTIONAR LES COOKIES DES DEL NOSTRE NAVEGADOR <\/strong><\/p><p><strong>Suprimeix les galetes del teu dispositiu<\/strong><\/p><p>Les galetes ja emmagatzemades en un dispositiu es poden eliminar esborrant l'historial del navegador, eliminant aix\u00ed les galetes de tots els llocs web visitats. No obstant aix\u00f2, tamb\u00e9 es pot perdre part de la informaci\u00f3 desitjada (per exemple, les dades d'inici de sessi\u00f3 o les prefer\u00e8ncies del lloc web).<\/p><p><strong>Gestiona les galetes espec\u00edfiques d'aquest lloc <\/strong><\/p><p>Per tenir un control m\u00e9s prec\u00eds de les galetes espec\u00edfiques de cada lloc, els usuaris poden ajustar la configuraci\u00f3 de privacitat i de galetes al seu navegador.<\/p><p>Bloqueig de galetes Tot i que la majoria dels navegadors moderns es poden configurar per evitar que les galetes s'instal\u00b7lin als dispositius, aix\u00f2 pot requerir ajustar manualment certes prefer\u00e8ncies cada vegada que visiteu un lloc o p\u00e0gina. A m\u00e9s, alguns serveis i funcions poden no funcionar correctament (p. ex., inici de sessi\u00f3 per perfil).<\/p><h3>COM ESBORRAR COOKIES ALS NAVEGADORS M\u00c9S COMUNS<\/h3><ul><li>Crom: <a href=\"http:\/\/support.google.com\/chrome\/answer\/95647?hl=es\">http:\/\/support.google.com\/chrome\/answer\/95647?hl=es<\/a><\/li><li>Vora: <a href=\"https:\/\/support.microsoft.com\/es-es\/microsoft-edge\/eliminar-las-cookies-en-microsoft-edge-63947406-40ac-c3b8-57b9-2a946a29ae09\">https:\/\/support.microsoft.com\/es-es\/microsoft-edge\/eliminar-las-cookies-en-microsoft-edge-63947406-40ac-c3b8-57b9-2a946a29ae09<\/a><\/li><li>Explorador: <a href=\"https:\/\/support.microsoft.com\/es-es\/help\/278835\/how-to-delete-cookie-files-in-internet-explorer\">https:\/\/support.microsoft.com\/es-es\/help\/278835\/how-to-delete-cookie-files-in-internet-explorer<\/a><\/li><li>Firefox: <a href=\"https:\/\/www.mozilla.org\/es-ES\/privacy\/websites\/#cookies\">https:\/\/www.mozilla.org\/es-ES\/privacy\/websites\/#cookies<\/a><\/li><li>Safari: <a href=\"https:\/\/support.apple.com\/es-es\/guide\/safari\/sfri11471\/mac\">https:\/\/support.apple.com\/es-es\/guide\/safari\/sfri11471\/mac<\/a><\/li><li>\u00d2pera:<a href=\"https:\/\/help.opera.com\/en\/latest\/security-and-privacy\/#clearBrowsingData\">https:\/\/help.opera.com\/en\/latest\/security-and-privacy\/#clearBrowsingData<\/a><\/li><\/ul>\t\t\t\t\t\t\t\t<\/div>\n\t\t\t\t\t<\/div>\n\t\t\t\t<\/div>\n\t\t\t\t<\/div>","protected":false},"excerpt":{"rendered":"<p>POL\u00cdTICA DE COOKIES D\u2019acord amb la normativa andorrana aplicable i amb les exig\u00e8ncies i requisits establerts a: la Llei 29\/2021, del 28 d\u2019octubre, qualificada de protecci\u00f3 de dades personals i el seu Reglament d\u2019aplicaci\u00f3 (Decret 391\/2022); la Llei 20\/2014, del 16 d\u2019octubre, reguladora de la contractaci\u00f3 electr\u00f2nica i dels operadors que desenvolupen la seva activitat [&hellip;]<\/p>","protected":false},"author":1,"featured_media":0,"parent":0,"menu_order":0,"comment_status":"closed","ping_status":"closed","template":"elementor_header_footer","meta":{"_seopress_robots_primary_cat":"","_seopress_titles_title":"Pol\u00edtica de cookies","_seopress_titles_desc":"","_seopress_robots_index":"","footnotes":""},"class_list":["post-3337","page","type-page","status-publish","hentry"],"_links":{"self":[{"href":"https:\/\/labbacademy.com\/ca\/wp-json\/wp\/v2\/pages\/3337","targetHints":{"allow":["GET"]}}],"collection":[{"href":"https:\/\/labbacademy.com\/ca\/wp-json\/wp\/v2\/pages"}],"about":[{"href":"https:\/\/labbacademy.com\/ca\/wp-json\/wp\/v2\/types\/page"}],"author":[{"embeddable":true,"href":"https:\/\/labbacademy.com\/ca\/wp-json\/wp\/v2\/users\/1"}],"replies":[{"embeddable":true,"href":"https:\/\/labbacademy.com\/ca\/wp-json\/wp\/v2\/comments?post=3337"}],"version-history":[{"count":22,"href":"https:\/\/labbacademy.com\/ca\/wp-json\/wp\/v2\/pages\/3337\/revisions"}],"predecessor-version":[{"id":4326,"href":"https:\/\/labbacademy.com\/ca\/wp-json\/wp\/v2\/pages\/3337\/revisions\/4326"}],"wp:attachment":[{"href":"https:\/\/labbacademy.com\/ca\/wp-json\/wp\/v2\/media?parent=3337"}],"curies":[{"name":"wp","href":"https:\/\/api.w.org\/{rel}","templated":true}]}}