{"id":3468,"date":"2025-12-03T16:33:18","date_gmt":"2025-12-03T15:33:18","guid":{"rendered":"https:\/\/labbacademy.com\/?page_id=3468"},"modified":"2026-01-19T11:29:27","modified_gmt":"2026-01-19T10:29:27","slug":"politica-de-privacitat-xarxes","status":"publish","type":"page","link":"https:\/\/labbacademy.com\/ca\/politica-de-privacitat-xarxes\/","title":{"rendered":"Pol\u00edtica de privacitat de la xarxa"},"content":{"rendered":"<div data-elementor-type=\"wp-page\" data-elementor-id=\"3468\" class=\"elementor elementor-3468\" data-elementor-post-type=\"page\">\n\t\t\t\t<div class=\"elementor-element elementor-element-1f9376ae e-flex e-con-boxed e-con e-parent\" data-id=\"1f9376ae\" data-element_type=\"container\">\n\t\t\t\t\t<div class=\"e-con-inner\">\n\t\t\t\t<div class=\"elementor-element elementor-element-9650ba1 elementor-widget elementor-widget-heading\" data-id=\"9650ba1\" data-element_type=\"widget\" data-widget_type=\"heading.default\">\n\t\t\t\t\t<h2 class=\"elementor-heading-title elementor-size-default\">Pol\u00edtica de privacitat<\/h2>\t\t\t\t<\/div>\n\t\t\t\t<div class=\"elementor-element elementor-element-688c4f89 elementor-widget elementor-widget-text-editor\" data-id=\"688c4f89\" data-element_type=\"widget\" data-widget_type=\"text-editor.default\">\n\t\t\t\t\t\t\t\t\t<h3>INFORMACI\u00d3 PER A USUARIS<\/h3><h4><strong>Qui \u00e9s el responsable del tractament de les seves dades personals? <\/strong><\/h4><p>WW REAL ESTATE, SL, en endavant anomenada <strong>RESPONSABLE<\/strong>, informa l\u2019<strong>USUARI<\/strong> que ha creat un perfil a les xarxes socials Facebook, Instagram, Twitter, LinkedIn, YouTube, Vimeo i Google+, que \u00e9s responsable del tractament de les dades personals de l'usuari realitzat en aquestes xarxes socials i els informa que aquestes dades es tractaran d'acord amb les disposicions de la Llei 29\/2021, de 28 d'octubre (LQPD) i la normativa que la desenvolupa, per la qual cosa es facilita la informaci\u00f3 seg\u00fcent sobre el tractament:<\/p><h4><strong>Per qu\u00e8 tractem les teves dades personals?<\/strong><\/h4><p>Finalitat del tractament: mantenir una relaci\u00f3 entre l'USUARI i el RESPONSABLE DEL TRACTAMENT, que pot incloure les operacions seg\u00fcents:<\/p><ul><li>Processar les sol\u00b7licituds i consultes presentades a la persona responsable.<\/li><li>Informe d'activitats i esdeveniments organitzats per la persona responsable<\/li><li>Proporcionar informaci\u00f3 sobre els productes o serveis que ofereix el responsable del tractament.<\/li><li>Interactua a trav\u00e9s de perfils oficials<\/li><\/ul><p>\u00a0<\/p><h4><strong>Per qu\u00e8 podem tractar les vostres dades personals?<\/strong><\/h4><p><strong>Base jur\u00eddica del tractament<\/strong>: Article 6.1.a LQPD, l'interessat ha donat el seu consentiment per al tractament de les seves dades personals per a una o m\u00e9s finalitats espec\u00edfiques. L'usuari t\u00e9 un perfil a la mateixa xarxa social i ha decidit unir-se a la xarxa social del RESPONSABLE, mostrant inter\u00e8s per la informaci\u00f3 publicada all\u00e0. Per tant, en sol\u00b7licitar seguir els nostres perfils oficials, ens d\u00f3na el seu consentiment per tractar les dades personals publicades al seu perfil.<\/p><p>Els usuaris poden accedir en qualsevol moment a les pol\u00edtiques de privacitat de la xarxa social i configurar el seu perfil per garantir la seva privacitat.<\/p><p>El RESPONSABLE DEL TRACTAMENT t\u00e9 acc\u00e9s a la informaci\u00f3 p\u00fablica de l'USUARI i la processa, concretament el seu nom de contacte. Aquestes dades nom\u00e9s s'utilitzen dins de la mateixa xarxa social i nom\u00e9s s'incorporaran a un fitxer del RESPONSABLE DEL TRACTAMENT quan sigui necessari per tramitar la sol\u00b7licitud de l'USUARI.<\/p><h4 class=\"p1\"><strong>Quant de temps conservarem les teves dades personals?<br \/><\/strong><\/h4><p><strong>Criteri de conservaci\u00f3 de dades:<\/strong> es conservaran tret que l'USUARI revoki el consentiment atorgat tal com s'indica en aquesta pol\u00edtica de privacitat.<\/p><h4><strong>A qui comuniquem les teves dades personals?<\/strong><\/h4><p><strong>Comunicaci\u00f3 de dades:<\/strong> La informaci\u00f3 proporcionada per l'usuari a trav\u00e9s de les xarxes socials del CONTROLADOR, incloent-hi les seves dades personals, pot ser publicada, sempre depenent dels serveis que utilitzi l'USUARI, de manera que es pot posar a disposici\u00f3 p\u00fablica d'altres usuaris tercers de les xarxes socials. Des del perfil de cada xarxa social, l'USUARI pot configurar la informaci\u00f3 que desitgi fer p\u00fablica en cada cas, veure els permisos que s'han concedit, eliminar-los o desactivar-los, com ara qualsevol aplicaci\u00f3 de tercers que ja no s'utilitzi.<\/p><p>No est\u00e0 prevista cap comunicaci\u00f3 de dades personals a tercers fora de la xarxa social, llevat que sigui essencial per al desenvolupament i l'execuci\u00f3 de les finalitats del tractament, als nostres prove\u00efdors de serveis relacionats amb les comunicacions, amb els quals el RESPONSABLE ha formalitzat els acords de confidencialitat i de tractament de dades exigits per la normativa vigent en mat\u00e8ria de privacitat.<\/p><h4><strong>Quins s\u00f3n els teus drets?<\/strong><\/h4><p>Els drets de l'USUARI s\u00f3n:<\/p><ul><li>Dret a retirar el consentiment en qualsevol moment.<\/li><li>Dret d'acc\u00e9s, rectificaci\u00f3, portabilitat i supressi\u00f3 de les seves dades, i de limitaci\u00f3 o oposici\u00f3 al seu tractament.<\/li><li>Dret a presentar una reclamaci\u00f3 davant l'autoritat de supervisi\u00f3 (www.apda.ad) si considereu que el tractament no compleix la normativa vigent.<\/li><\/ul><p>\u00a0<\/p><h4><strong>Dades de contacte per exercir els teus drets:<\/strong><\/h4><p>WW REAL ESTATE, SL. Carrer de L'Aig\u00fceta, 22, 1r pis, 4a porta, \u2013 AD500 Andorra la Vella (Andorra La Vella). Correu electr\u00f2nic: info@labbproperties.com <strong>Dades de contacte del responsable de protecci\u00f3 de dades:<\/strong> Compliance 360 SL (XPERT), Fiter i Rossell 4 CN, planta baixa, oficina 2, AD700 Escaldes-lqpd@xpert-andorra.com<\/p><h3>\u00a0<\/h3><h3>2. \u00daS DEL PERFIL<\/h3><p>El CONTROLLER dur\u00e0 a terme les accions seg\u00fcents:<\/p><ul><li>Acc\u00e9s a la informaci\u00f3 p\u00fablica del perfil<\/li><li>Publicaci\u00f3 al perfil de l'USUARI de tota la informaci\u00f3 ja publicada a la xarxa social del CONTROLADOR.<\/li><li>Envia missatges personalitzats i individuals a trav\u00e9s dels canals de xarxes socials.<\/li><li>Les actualitzacions sobre l'estat de la p\u00e0gina es publicaran al perfil de l'USUARI.<\/li><\/ul><p>\u00a0<\/p><p>Els usuaris sempre poden controlar les seves connexions, eliminar el contingut que ja no els interessa i restringir amb qui comparteixen les seves connexions; per fer-ho, han d'accedir a la configuraci\u00f3 de privacitat.<\/p><h3>3. PUBLICACIONS<\/h3><p>Un cop l'USUARI s'ha convertit en seguidor o s'ha unit a la xarxa social del RESPONSABLE, pot publicar comentaris, enlla\u00e7os, imatges, fotografies o qualsevol altre tipus de contingut multim\u00e8dia perm\u00e8s per la xarxa. En tots els casos, l'USUARI ha de ser el propietari del contingut publicat, gaudir dels drets d'autor i de propietat intel\u00b7lectual, o tenir el consentiment de les terceres parts afectades.<\/p><p>Qualsevol publicaci\u00f3 a les xarxes socials, ja sigui text, gr\u00e0fics, fotografies, v\u00eddeos, etc., que violin o puguin violar la moral, l'\u00e8tica, el bon gust o el dec\u00f2rum, i\/o que infringin o violin drets de propietat intel\u00b7lectual o industrial, drets d'imatge o la llei.<\/p><p>En aquests casos, el CONTROLLER es reserva el dret d'eliminar immediatament el contingut, sense av\u00eds previ, i pot sol\u00b7licitar el bloqueig permanent de l'USUARI.<\/p><p>El CONTROLADOR no ser\u00e0 responsable de cap contingut publicat lliurement per un USUARI.<\/p><p>Els usuaris han de tenir en compte que les seves publicacions seran vistes per altres usuaris, de manera que ells mateixos s\u00f3n els principals responsables de la seva privadesa.<\/p><p>Les imatges que es puguin publicar a les xarxes socials no es desaran en cap fitxer pel RESPONSABLE, sin\u00f3 que romandran a les xarxes socials.<\/p><h3>4. MENORS D'EDAT O PERSONES AMB NECESSITATS ESPECIALS<\/h3><p>Els menors de 16 anys tenen prohibit accedir i registrar-se a les xarxes socials del CONTROLADOR. A m\u00e9s, si l'USUARI t\u00e9 capacitats especials, ser\u00e0 necess\u00e0ria la intervenci\u00f3 del seu pare, mare o tutor legal, o del seu representant legal, mitjan\u00e7ant un document v\u00e0lid que certifiqui la seva representaci\u00f3.<\/p><p>El RESPONSABLE queda expressament exempt de qualsevol responsabilitat que pugui derivar-se de l'\u00fas de les xarxes socials per part de menors d'edat o de persones amb necessitats especials. Les xarxes socials del RESPONSABLE no recullen conscientment cap informaci\u00f3 personal de menors d'edat. Per tant, si l'USUARI \u00e9s menor d'edat, no s'ha d'inscriure, ni utilitzar les xarxes socials del RESPONSABLE, ni proporcionar cap informaci\u00f3 personal.<\/p>\t\t\t\t\t\t\t\t<\/div>\n\t\t\t\t\t<\/div>\n\t\t\t\t<\/div>\n\t\t\t\t<\/div>","protected":false},"excerpt":{"rendered":"<p>POL\u00cdTICA DE PRIVACIDAD INFORMACI\u00d3 PER A L\u2019USUARI Qui \u00e9s el responsable del tractament de les teves dades personals? WW REAL ESTATE, SL, d\u2019ara endavant, el RESPONSABLE, informa l\u2019USUARI que ha procedit a crear un perfil a les xarxes socials Facebook, Instagram, Twitter, LinkedIn, Youtube, Vimeo i Google+, que \u00e9s el responsable del tractament de les [&hellip;]<\/p>","protected":false},"author":1,"featured_media":0,"parent":0,"menu_order":0,"comment_status":"closed","ping_status":"closed","template":"elementor_header_footer","meta":{"_seopress_robots_primary_cat":"","_seopress_titles_title":"Pol\u00edtica de privacidad redes sociales","_seopress_titles_desc":"","_seopress_robots_index":"yes","footnotes":""},"class_list":["post-3468","page","type-page","status-publish","hentry"],"_links":{"self":[{"href":"https:\/\/labbacademy.com\/ca\/wp-json\/wp\/v2\/pages\/3468","targetHints":{"allow":["GET"]}}],"collection":[{"href":"https:\/\/labbacademy.com\/ca\/wp-json\/wp\/v2\/pages"}],"about":[{"href":"https:\/\/labbacademy.com\/ca\/wp-json\/wp\/v2\/types\/page"}],"author":[{"embeddable":true,"href":"https:\/\/labbacademy.com\/ca\/wp-json\/wp\/v2\/users\/1"}],"replies":[{"embeddable":true,"href":"https:\/\/labbacademy.com\/ca\/wp-json\/wp\/v2\/comments?post=3468"}],"version-history":[{"count":4,"href":"https:\/\/labbacademy.com\/ca\/wp-json\/wp\/v2\/pages\/3468\/revisions"}],"predecessor-version":[{"id":3475,"href":"https:\/\/labbacademy.com\/ca\/wp-json\/wp\/v2\/pages\/3468\/revisions\/3475"}],"wp:attachment":[{"href":"https:\/\/labbacademy.com\/ca\/wp-json\/wp\/v2\/media?parent=3468"}],"curies":[{"name":"wp","href":"https:\/\/api.w.org\/{rel}","templated":true}]}}